{"id":307,"date":"2020-01-13T11:17:52","date_gmt":"2020-01-13T11:17:52","guid":{"rendered":"https:\/\/demosites.io\/web-agency-gb\/?page_id=5"},"modified":"2026-04-03T12:19:50","modified_gmt":"2026-04-03T10:19:50","slug":"15c42-web-agency-gb-home","status":"publish","type":"page","link":"https:\/\/praxis-schletter.de\/","title":{"rendered":"Dr. med. Louise Schletter"},"content":{"rendered":"\n<p><mark style=\"background-color:rgba(0, 0, 0, 0)\" class=\"has-inline-color has-neve-text-color-color\">Hausarztpraxis<\/mark><\/p>\n\n\n\n<div class=\"wp-block-cover alignfull\" style=\"min-height:737px;aspect-ratio:unset;\"><span aria-hidden=\"true\" class=\"wp-block-cover__background has-nv-light-bg-background-color has-background-dim-100 has-background-dim\"><\/span><div class=\"wp-block-cover__inner-container is-layout-flow wp-block-cover-is-layout-flow\">\n<div class=\"wp-block-columns are-vertically-aligned-top is-layout-flex wp-container-core-columns-is-layout-9d6595d7 wp-block-columns-is-layout-flex\">\n<div class=\"wp-block-column is-vertically-aligned-top is-layout-flow wp-block-column-is-layout-flow\" style=\"flex-basis:50%\"><\/div>\n<\/div>\n\n\n\n<p class=\"has-text-align-center has-nv-c-2-color has-text-color has-x-large-font-size\">Aktuelles<\/p>\n\n\n\n<p class=\"has-text-align-center has-neve-link-color-color has-text-color has-link-color has-large-font-size wp-elements-e6dbc774022c709763789d262835e1b8\">Wir haben Osterferien!<\/p>\n\n\n\n<p class=\"has-text-align-center has-neve-link-color-color has-text-color has-link-color has-medium-font-size wp-elements-bbf26de5da1abc43bd674303740f18b6\">Karfreitag (3.4.2026) und Ostermontag (6.4.2026) sind gesetzliche Feiertage. Diese werden durch den Kassen\u00e4rztlichen Notfalldienst abgedeckt (KV-Notdienstsprechstunde 9-19 Uhr Standort Uniklinik, St. Georg und Diakonissenkrankenhaus) bzw. als Hausbesuchsdienst unter Tel. 116 117.<\/p>\n\n\n\n<p class=\"has-text-align-center has-neve-link-color-color has-text-color has-link-color has-medium-font-size wp-elements-8a40c2a320fcd91215980e52b6642b41\"><strong>Vom 07.04. &#8211; 10.04.2026 werden wir durch folgende Praxen vertreten: <\/strong><\/p>\n\n\n\n<p class=\"has-text-align-center has-neve-link-color-color has-text-color has-link-color has-medium-font-size wp-elements-89b553b2d11c8515b9d8b011f5757dfe\">Fr. Dr. Hardt, Heine.-Budde-Str. 1, Tel: 0341\/9121653\u00a0<\/p>\n\n\n\n<p class=\"has-text-align-center has-neve-link-color-color has-text-color has-link-color has-medium-font-size wp-elements-587674113a928d6caf7c3d1ef6af026d\">Fr. Dr. S. Brabant, Gohliser Str. 43, Tel.: 0341\/583 162 90<\/p>\n\n\n\n<p class=\"has-text-align-center has-neve-link-color-color has-text-color has-link-color has-medium-font-size wp-elements-d918ba7e38c0902fe8846d597342df57\">Fr. Dr. Daberkov, L\u00fctzowstr. 44, Tel: 0341\/9110376\u00a0<\/p>\n\n\n\n<p class=\"has-text-align-center has-neve-link-color-color has-text-color has-link-color has-medium-font-size wp-elements-68df03e3cb80b41c625364ee9ce65c82\">Fr. Dr. Gille, L\u00fctzowstr. 44, Tel: 0341\/9122435\u00a0(nicht am 7.4.2026! nur vom 8.-10.4.2026) <\/p>\n\n\n\n<p class=\"has-text-align-center has-neve-link-color-color has-text-color has-link-color has-large-font-size wp-elements-779bf55da2e8b225bcb4d3e8376439d2\"><strong>Wir w\u00fcnschen allen Patienten ein sch\u00f6nes Osterfest! <\/strong><\/p>\n\n\n\n<p><\/p>\n\n\n\n<p class=\"has-text-align-center has-neve-link-color-color has-text-color has-link-color has-large-font-size wp-elements-9c66b8aa6273f6599b4b9456e729433f\">Derzeit k\u00f6nnen wir aus Kapazit\u00e4tsgr\u00fcnden KEINE neuen Patienten annehmen! <\/p>\n\n\n\n<p><\/p>\n\n\n\n<h2 class=\"wp-block-heading alignfull has-text-align-center\">&#8212;&#8212;&#8212;&#8212;&#8212;&#8212;&#8212;&#8212;&#8212;&#8212;&#8212;-<\/h2>\n\n\n\n<h1 class=\"wp-block-heading has-text-align-center has-text-color has-large-font-size\" id=\"hausarztpraxis\" style=\"color:#121212\"><mark style=\"background-color:rgba(0, 0, 0, 0)\" class=\"has-inline-color has-neve-link-color-color\">Hausarztpraxis <\/mark><mark style=\"background-color:rgba(0, 0, 0, 0)\" class=\"has-inline-color has-nv-light-bg-color\"> <\/mark><\/h1>\n\n\n\n<h1 class=\"wp-block-heading has-text-align-center has-neve-link-color-color has-text-color has-large-font-size\" id=\"dr-med-louise-schletter\"><mark style=\"background-color:rgba(0, 0, 0, 0)\" class=\"has-inline-color has-neve-link-color-color\">Dr. med. Louise Schletter<\/mark><\/h1>\n\n\n\n<div class=\"wp-block-buttons is-horizontal is-content-justification-center is-layout-flex wp-container-core-buttons-is-layout-499968f5 wp-block-buttons-is-layout-flex\">\n<div class=\"wp-block-button\"><a class=\"wp-block-button__link has-custom-font-size wp-element-button\" style=\"font-size:30px\"><strong>Telefon 0341\/9118101<\/strong><\/a><\/div>\n\n\n\n<div class=\"wp-block-button\"><a class=\"wp-block-button__link has-custom-font-size wp-element-button\" style=\"font-size:30px\">Fax 0341\/9124058<\/a><\/div>\n\n\n\n<div class=\"wp-block-button\"><a class=\"wp-block-button__link has-custom-font-size wp-element-button\" style=\"font-size:30px\"><strong>Hannoversche Str. 22, 04157 Leipzig<\/strong><\/a><\/div>\n<\/div>\n\n\n\n<div style=\"height:80px\" aria-hidden=\"true\" class=\"wp-block-spacer\"><\/div>\n\n\n\n<p class=\"has-text-align-center has-medium-font-size\"><mark style=\"background-color:rgba(0, 0, 0, 0)\" class=\"has-inline-color has-neve-link-color-color\"> <\/mark><\/p>\n<\/div><\/div>\n\n\n\n<p><\/p>\n\n\n\n<div style=\"height:80px\" aria-hidden=\"true\" class=\"wp-block-spacer\"><\/div>\n\n\n\n<div class=\"wp-block-columns is-layout-flex wp-container-core-columns-is-layout-9d6595d7 wp-block-columns-is-layout-flex\">\n<div class=\"wp-block-column is-layout-flow wp-block-column-is-layout-flow\">\n<h3 class=\"wp-block-heading has-text-align-center has-neve-text-color-color has-text-color\"><\/h3>\n\n\n\n<p class=\"has-text-align-center\"><\/p>\n\n\n\n<div style=\"height:20px\" aria-hidden=\"true\" class=\"wp-block-spacer\"><\/div>\n\n\n\n<h3 class=\"wp-block-heading\" id=\"wichtige-informationen\">Wichtige Informationen<\/h3>\n\n\n\n<p><strong>Aktuell ist die telefonische Erreichbarkeit der Praxis aufgrund einer Vielzahl von Anrufen leider eingeschr\u00e4nkt. Bitte versuchen Sie es gegebenfalls mehrfach.<\/strong><\/p>\n\n\n\n<p><\/p>\n\n\n\n<p class=\"has-nv-c-2-color has-text-color has-link-color wp-elements-6a51e9b53718da0d38c99407f2151c77\"><strong><mark style=\"background-color:rgba(0, 0, 0, 0)\" class=\"has-inline-color has-nv-c-2-color\"><em>Zur besseren Regulierung des Patientenverkehrs<\/em><\/mark><\/strong><em><mark style=\"background-color:rgba(0, 0, 0, 0)\" class=\"has-inline-color has-nv-c-2-color\">&nbsp;melden Sie sich bitte via Klingel vor dem Betreten der Praxis<\/mark><\/em>. <em>Zur Sicherung des Datenschutzes bitte einzeln eintreten<\/em>.<\/p>\n\n\n\n<p>Zur Wahrung des Schutzes des Personals und der Anwesenden im Wartezimmer m\u00fcssen Patienten u. Patientinnen mit Infektzeichen einen Mund-Nase-Schutz tragen. Wir bitten um Ihr Verst\u00e4ndnis. <\/p>\n\n\n\n<p><\/p>\n\n\n\n<p><\/p>\n<\/div>\n\n\n\n<div class=\"wp-block-column is-layout-flow wp-block-column-is-layout-flow\">\n<h1 class=\"wp-block-heading has-text-align-left has-text-align-center has-nv-c-2-color has-text-color has-medium-font-size\" id=\"sprechzeiten\">Sprechzeiten\/Terminsprechstunden<\/h1>\n\n\n\n<p class=\"has-text-align-left has-medium-font-size\"><strong>Montag<\/strong>  8:00 &#8211; 12:00 Uhr<\/p>\n\n\n\n<p class=\"has-medium-font-size\"><strong>Dienstag<\/strong> 8:00 &#8211; 12:00 Uhr und 14:00 &#8211; 17:00 Uhr<\/p>\n\n\n\n<p class=\"has-medium-font-size\"><strong>Mittwoch<\/strong> 8:00 &#8211; 12:00 Uhr<\/p>\n\n\n\n<p class=\"has-medium-font-size\"><strong>Donnerstag<\/strong> 8:00 &#8211; 11:00 Uhr Hausbesuche &#8211; ge\u00f6ffnet f\u00fcr \u00dcberweisungen, Rezepte etc. &#8211; keine Sprechstunde<\/p>\n\n\n\n<p class=\"has-medium-font-size\"><strong>Donnerstag<\/strong> 14:00 &#8211; 17:00 Uhr Sprechstunde <\/p>\n\n\n\n<p class=\"has-medium-font-size\"><strong>Freitag<\/strong> 8:00 &#8211; 12:00 Uhr<\/p>\n\n\n\n<p class=\"has-medium-font-size\">Hausbesuche und Sp\u00e4ttermine bis 18 Uhr nach individueller Vereinbarung<\/p>\n\n\n\n<p class=\"has-nv-c-2-color has-text-color has-medium-font-size\"><strong>Akutvorstellungen<\/strong><\/p>\n\n\n\n<p><strong>Wir bitten um telefonische Absprache, damit wir den Patientenfluss besser regulieren k\u00f6nnen bzw. um evtl. n\u00f6tige Labordiagnostik zu koordinieren.<\/strong><\/p>\n\n\n\n<p class=\"has-neve-link-color-color has-text-color has-link-color wp-elements-8b82c6407055047f931eabf9720989d8\"><strong>Akutvorstellungen werden Montag, Dienstag, Mittwoch u. Freitag von 8:00 &#8211; 10:00 Uhr sowie Dienstag und Donnerstag von 14-15 Uhr<\/strong> <strong>angenommen.<\/strong><\/p>\n\n\n\n<div style=\"height:0px\" aria-hidden=\"true\" class=\"wp-block-spacer\"><\/div>\n\n\n\n<p>Au\u00dferhalb unserer Sprechstunden erhalten Sie bei akuten, aber nicht lebensbedrohlichen Erkrankungen medizinische Hilfe beim Kassen\u00e4rztlichen Bereitschaftsdienst unter Tel: 116 117.<\/p>\n<p>An gesetzlichen Feiertagen sowie am Wochenende zwischen 9-19 Uhr bzw. Mittwoch und Freitag von 14 &#8211; 19 Uhr k\u00f6nnen Sie sich auch direkt an die Bereitschaftspraxen wenden (n\u00e4chstgelegene <strong>Bereitschaftspraxis = am Klinikum St. Georg<\/strong>, Delitzscher Stra\u00dfe 141, Haus 3, 04129 Leipzig).<\/p>\n<p>Bei akuten und lebensbedrohlichen Zust\u00e4nden w\u00e4hlen Sie bitte sofort den Notruf 112.<\/p>\n<\/div>\n<\/div>\n\n\n\n<div style=\"height:80px\" aria-hidden=\"true\" class=\"wp-block-spacer\"><\/div>\n\n\n\n<div style=\"height:40px\" aria-hidden=\"true\" class=\"wp-block-spacer\"><\/div>\n\n\n\n<div class=\"wp-block-cover alignfull\" style=\"min-height:600px;aspect-ratio:unset;\"><span aria-hidden=\"true\" class=\"wp-block-cover__background has-nv-site-bg-background-color has-background-dim-100 has-background-dim\"><\/span><div class=\"wp-block-cover__inner-container is-layout-flow wp-block-cover-is-layout-flow\">\n<div class=\"wp-block-group\"><div class=\"wp-block-group__inner-container is-layout-flow wp-block-group-is-layout-flow\">\n<div style=\"height:80px\" aria-hidden=\"true\" class=\"wp-block-spacer\"><\/div>\n\n\n\n<h2 class=\"wp-block-heading has-neve-text-color-color has-text-color has-large-font-size\" id=\"so-erreichen-sie-uns\">So erreichen Sie uns<\/h2>\n\n\n\n<p class=\"has-medium-font-size\"><mark style=\"background-color:rgba(0, 0, 0, 0)\" class=\"has-inline-color has-neve-text-color-color\"><strong>Anfahrt mit dem PKW<\/strong><\/mark><\/p>\n\n\n\n<p><a href=\"https:\/\/goo.gl\/maps\/8jCTaiy5DyKKjJLL6\">https:\/\/goo.gl\/maps\/8jCTaiy5DyKKjJLL6<\/a><\/p>\n\n\n\n<p class=\"has-medium-font-size\"><mark style=\"background-color:rgba(0, 0, 0, 0)\" class=\"has-inline-color has-neve-text-color-color\"><strong>Anfahrt mit dem \u00d6PNV<\/strong><\/mark><\/p>\n\n\n\n<p><mark style=\"background-color:rgba(0, 0, 0, 0)\" class=\"has-inline-color has-neve-link-color-color\"><strong>Von der Virchowstra\u00dfe<\/strong> kommend: Endhaltestelle Stra\u00dfenbahn Linie 12 (Gohlis-Nord\/Virchowstra\u00dfe) &gt; dann zu Fu\u00df Hannoversche Stra\u00dfe (ca. 5 min); alternativ weiter mit dem Bus Linie 80 Richtung Lindenau, Bushof; Einstieg Gohlis-Nord\/Virchowstra\u00dfe, Ausstieg Franz-Mehring-Stra\u00dfe (1 Haltestelle)<\/mark><\/p>\n\n\n\n<p><strong><span class=\"has-inline-color has-neve-link-color-color\">Von der <\/span><\/strong><span class=\"has-inline-color has-neve-link-color-color\"><strong>Landsberger Stra\u00dfe<\/strong> kommend: Stra\u00dfenbahn Linie 4 (Haltestelle Landsberger\/Max-Liebermann-Stra\u00dfe) &gt; dann zu Fu\u00df (ca. 3 Min) \u00fcber Max-Lieberman-Stra\u00dfe, rechts in Bremer Stra\u00dfe einbiegen, dann links in die Hannoversche Stra\u00dfe; alternativ weiter mit dem Bus Linie 80 Richtung Thekla Einstieg Haltestelle Landsberger Stra\u00dfe\/Max-Liebermann-Stra\u00dfe; Ausstieg Franz-Mehring-Stra\u00dfe (2 Haltestellen), dann zu Fu\u00df in die Franz-Mehring-Stra\u00dfe und rechts in die Hannoversche Stra\u00dfe.<\/span><\/p>\n\n\n\n<div class=\"wp-block-columns are-vertically-aligned-center is-layout-flex wp-container-core-columns-is-layout-9d6595d7 wp-block-columns-is-layout-flex\">\n<div class=\"wp-block-column is-vertically-aligned-center is-layout-flow wp-block-column-is-layout-flow\" style=\"flex-basis:50%\">\n<div style=\"height:40px\" aria-hidden=\"true\" class=\"wp-block-spacer\"><\/div>\n\n\n<div class=\"wp-block-image is-style-default\">\n<figure class=\"aligncenter size-large is-resized\"><img loading=\"lazy\" decoding=\"async\" width=\"768\" height=\"1024\" src=\"https:\/\/praxis-schletter.de\/wp-content\/uploads\/2021\/07\/IMG_6938-768x1024.jpg\" alt=\"\" class=\"wp-image-400\" style=\"width:418px;height:558px\" srcset=\"https:\/\/praxis-schletter.de\/wp-content\/uploads\/2021\/07\/IMG_6938-768x1024.jpg 768w, https:\/\/praxis-schletter.de\/wp-content\/uploads\/2021\/07\/IMG_6938-225x300.jpg 225w, https:\/\/praxis-schletter.de\/wp-content\/uploads\/2021\/07\/IMG_6938-1152x1536.jpg 1152w, https:\/\/praxis-schletter.de\/wp-content\/uploads\/2021\/07\/IMG_6938-1536x2048.jpg 1536w, https:\/\/praxis-schletter.de\/wp-content\/uploads\/2021\/07\/IMG_6938-scaled.jpg 1920w\" sizes=\"auto, (max-width: 768px) 100vw, 768px\" \/><\/figure>\n<\/div><\/div>\n\n\n\n<div class=\"wp-block-column is-vertically-aligned-center is-layout-flow wp-block-column-is-layout-flow\" style=\"flex-basis:50%\">\n<div style=\"height:40px\" aria-hidden=\"true\" class=\"wp-block-spacer\"><\/div>\n<\/div>\n<\/div>\n\n\n\n<div style=\"height:40px\" aria-hidden=\"true\" class=\"wp-block-spacer\"><\/div>\n<\/div><\/div>\n<\/div><\/div>\n\n\n\n<div class=\"wp-block-cover alignfull\" style=\"min-height:420px;aspect-ratio:unset;\"><span aria-hidden=\"true\" class=\"wp-block-cover__background has-nv-light-bg-background-color has-background-dim-100 has-background-dim\"><\/span><div class=\"wp-block-cover__inner-container is-layout-flow wp-block-cover-is-layout-flow\">\n<div style=\"height:80px\" aria-hidden=\"true\" class=\"wp-block-spacer\"><\/div>\n\n\n\n<div class=\"wp-block-columns is-layout-flex wp-container-core-columns-is-layout-9d6595d7 wp-block-columns-is-layout-flex\">\n<div class=\"wp-block-column ticss-4ce656f1 is-layout-flow wp-block-column-is-layout-flow\">\n<p><\/p>\n\n\n\n<p><\/p>\n\n\n\n<p><\/p>\n\n\n\n<p><\/p>\n\n\n\n<p><\/p>\n<\/div>\n<\/div>\n\n\n\n<div style=\"height:30px\" aria-hidden=\"true\" class=\"wp-block-spacer\"><\/div>\n<\/div><\/div>\n\n\n\n<div class=\"wp-block-cover alignfull\" style=\"min-height:300px;aspect-ratio:unset;\"><span aria-hidden=\"true\" class=\"wp-block-cover__background has-nv-dark-bg-background-color has-background-dim-100 has-background-dim\"><\/span><div class=\"wp-block-cover__inner-container is-layout-flow wp-block-cover-is-layout-flow\">\n<div style=\"height:140px\" aria-hidden=\"true\" class=\"wp-block-spacer\"><\/div>\n<\/div><\/div>\n","protected":false},"excerpt":{"rendered":"<p>Hausarztpraxis Wichtige Informationen Aktuell ist die telefonische Erreichbarkeit der Praxis aufgrund einer Vielzahl von Anrufen leider eingeschr\u00e4nkt. Bitte versuchen Sie es gegebenfalls mehrfach. Zur besseren Regulierung des Patientenverkehrs&nbsp;melden Sie sich bitte via Klingel vor dem Betreten der Praxis. Zur Sicherung des Datenschutzes bitte einzeln eintreten. Zur Wahrung des Schutzes des Personals und der Anwesenden im&hellip;&nbsp;<a href=\"https:\/\/praxis-schletter.de\/\" class=\"\" rel=\"bookmark\">Weiterlesen &raquo;<span class=\"screen-reader-text\">Dr. med. Louise Schletter<\/span><\/a><\/p>\n","protected":false},"author":1,"featured_media":0,"parent":0,"menu_order":0,"comment_status":"closed","ping_status":"closed","template":"","meta":{"neve_meta_sidebar":"default","neve_meta_container":"default","neve_meta_enable_content_width":"on","neve_meta_content_width":100,"neve_meta_title_alignment":"","neve_meta_author_avatar":"","neve_post_elements_order":"","neve_meta_disable_header":"","neve_meta_disable_footer":"","neve_meta_disable_title":"on","_ti_tpc_template_sync":false,"_ti_tpc_template_id":"cwhkd9lki581rusuhjti","footnotes":""},"class_list":["post-307","page","type-page","status-publish","hentry"],"_links":{"self":[{"href":"https:\/\/praxis-schletter.de\/index.php?rest_route=\/wp\/v2\/pages\/307","targetHints":{"allow":["GET"]}}],"collection":[{"href":"https:\/\/praxis-schletter.de\/index.php?rest_route=\/wp\/v2\/pages"}],"about":[{"href":"https:\/\/praxis-schletter.de\/index.php?rest_route=\/wp\/v2\/types\/page"}],"author":[{"embeddable":true,"href":"https:\/\/praxis-schletter.de\/index.php?rest_route=\/wp\/v2\/users\/1"}],"replies":[{"embeddable":true,"href":"https:\/\/praxis-schletter.de\/index.php?rest_route=%2Fwp%2Fv2%2Fcomments&post=307"}],"version-history":[{"count":204,"href":"https:\/\/praxis-schletter.de\/index.php?rest_route=\/wp\/v2\/pages\/307\/revisions"}],"predecessor-version":[{"id":862,"href":"https:\/\/praxis-schletter.de\/index.php?rest_route=\/wp\/v2\/pages\/307\/revisions\/862"}],"wp:attachment":[{"href":"https:\/\/praxis-schletter.de\/index.php?rest_route=%2Fwp%2Fv2%2Fmedia&parent=307"}],"curies":[{"name":"wp","href":"https:\/\/api.w.org\/{rel}","templated":true}]}}